{"id":29,"date":"2025-08-08T03:40:33","date_gmt":"2025-08-08T03:40:33","guid":{"rendered":"http:\/\/marianofrau.com.ar\/es\/?page_id=29"},"modified":"2025-08-08T18:58:58","modified_gmt":"2025-08-08T18:58:58","slug":"bienvenidos","status":"publish","type":"page","link":"http:\/\/marianofrau.com.ar\/es\/bienvenidos\/","title":{"rendered":"Bienvenidos"},"content":{"rendered":"\n<div class=\"wp-block-group alignfull has-global-padding is-layout-constrained wp-container-core-group-is-layout-490fa1db wp-block-group-is-layout-constrained\" style=\"padding-top:var(--wp--preset--spacing--50);padding-right:var(--wp--preset--spacing--50);padding-bottom:var(--wp--preset--spacing--50);padding-left:var(--wp--preset--spacing--50)\">\n<div class=\"wp-block-group has-global-padding is-layout-constrained wp-container-core-group-is-layout-650790e1 wp-block-group-is-layout-constrained\">\n<h1 class=\"wp-block-heading has-text-align-center has-x-large-font-size\">*<br>Nuestro compromiso con la eficiencia<\/h1>\n\n\n\n<div style=\"height:1.25rem\" aria-hidden=\"true\" class=\"wp-block-spacer\"><\/div>\n\n\n\n<p class=\"has-text-align-center\">Asesoramiento especializado, productos de calidad reconocida, precio competitivo, celeridad en la entrega, garant\u00eda, servicio post venta.<\/p>\n\n\n\n<p class=\"has-text-align-center\"><br>Buscamos la eficiencia en cada punto sensible de la provisi\u00f3n de repuestos agr\u00edcolas.<\/p>\n\n\n\n<div style=\"height:1.25rem\" aria-hidden=\"true\" class=\"wp-block-spacer\"><\/div>\n<\/div>\n\n\n\n<div style=\"height:var(--wp--preset--spacing--30)\" aria-hidden=\"true\" class=\"wp-block-spacer\"><\/div>\n\n\n\n<figure class=\"wp-block-image alignwide size-full is-style-rounded is-style-rounded--1\"><img loading=\"lazy\" decoding=\"async\" width=\"407\" height=\"397\" src=\"http:\/\/marianofrau.com.ar\/es\/wp-content\/uploads\/2025\/08\/FRENTE.jpg\" alt=\"\" class=\"wp-image-13\" srcset=\"http:\/\/marianofrau.com.ar\/es\/wp-content\/uploads\/2025\/08\/FRENTE.jpg 407w, http:\/\/marianofrau.com.ar\/es\/wp-content\/uploads\/2025\/08\/FRENTE-300x293.jpg 300w\" sizes=\"auto, (max-width: 407px) 100vw, 407px\" \/><\/figure>\n<\/div>\n\n\n\n<div class=\"wp-block-group alignfull has-global-padding is-layout-constrained wp-container-core-group-is-layout-d89aad35 wp-block-group-is-layout-constrained\" style=\"margin-top:0;margin-bottom:0;padding-top:var(--wp--preset--spacing--50);padding-right:var(--wp--preset--spacing--50);padding-bottom:var(--wp--preset--spacing--50);padding-left:var(--wp--preset--spacing--50)\">\n<div class=\"wp-block-group alignwide has-global-padding is-layout-constrained wp-container-core-group-is-layout-19e250f3 wp-block-group-is-layout-constrained\">\n<div class=\"wp-block-group is-vertical is-content-justification-center is-layout-flex wp-container-core-group-is-layout-6329a8f3 wp-block-group-is-layout-flex\">\n<h2 class=\"wp-block-heading has-text-align-center is-style-asterisk\">Repuestos agr\u00edcolas<\/h2>\n\n\n\n<p class=\"has-text-align-center\">Toda la gama de repuestos que el agricultor moderno necesita junto con los mejores servicios.<\/p>\n<\/div>\n\n\n\n<div style=\"height:var(--wp--preset--spacing--40)\" aria-hidden=\"true\" class=\"wp-block-spacer\"><\/div>\n\n\n\n<div class=\"wp-block-columns is-layout-flex wp-container-core-columns-is-layout-28f84493 wp-block-columns-is-layout-flex\">\n<div class=\"wp-block-column is-layout-flow wp-block-column-is-layout-flow\">\n<figure class=\"wp-block-image size-large\"><a href=\"http:\/\/marianofrau.com.ar\/es\/wp-content\/uploads\/2025\/08\/Stractores-1.jpg\"><img loading=\"lazy\" decoding=\"async\" width=\"1024\" height=\"414\" src=\"http:\/\/marianofrau.com.ar\/es\/wp-content\/uploads\/2025\/08\/Stractores-1-1024x414.jpg\" alt=\"\" class=\"wp-image-18\" srcset=\"http:\/\/marianofrau.com.ar\/es\/wp-content\/uploads\/2025\/08\/Stractores-1-1024x414.jpg 1024w, http:\/\/marianofrau.com.ar\/es\/wp-content\/uploads\/2025\/08\/Stractores-1-300x121.jpg 300w, http:\/\/marianofrau.com.ar\/es\/wp-content\/uploads\/2025\/08\/Stractores-1-768x311.jpg 768w, http:\/\/marianofrau.com.ar\/es\/wp-content\/uploads\/2025\/08\/Stractores-1.jpg 1051w\" sizes=\"auto, (max-width: 1024px) 100vw, 1024px\" \/><\/a><\/figure>\n<\/div>\n\n\n\n<div class=\"wp-block-column is-layout-flow wp-block-column-is-layout-flow\">\n<figure class=\"wp-block-image size-large\"><a href=\"http:\/\/marianofrau.com.ar\/es\/wp-content\/uploads\/2025\/08\/Scosechadoras.jpg\"><img loading=\"lazy\" decoding=\"async\" width=\"1024\" height=\"414\" src=\"http:\/\/marianofrau.com.ar\/es\/wp-content\/uploads\/2025\/08\/Scosechadoras-1024x414.jpg\" alt=\"\" class=\"wp-image-20\" srcset=\"http:\/\/marianofrau.com.ar\/es\/wp-content\/uploads\/2025\/08\/Scosechadoras-1024x414.jpg 1024w, http:\/\/marianofrau.com.ar\/es\/wp-content\/uploads\/2025\/08\/Scosechadoras-300x121.jpg 300w, http:\/\/marianofrau.com.ar\/es\/wp-content\/uploads\/2025\/08\/Scosechadoras-768x311.jpg 768w, http:\/\/marianofrau.com.ar\/es\/wp-content\/uploads\/2025\/08\/Scosechadoras.jpg 1051w\" sizes=\"auto, (max-width: 1024px) 100vw, 1024px\" \/><\/a><\/figure>\n<\/div>\n\n\n\n<div class=\"wp-block-column is-layout-flow wp-block-column-is-layout-flow\">\n<figure class=\"wp-block-image size-large\"><a href=\"http:\/\/marianofrau.com.ar\/es\/wp-content\/uploads\/2025\/08\/Ssembradoras.jpg\"><img loading=\"lazy\" decoding=\"async\" width=\"1024\" height=\"414\" src=\"http:\/\/marianofrau.com.ar\/es\/wp-content\/uploads\/2025\/08\/Ssembradoras-1024x414.jpg\" alt=\"\" class=\"wp-image-15\" srcset=\"http:\/\/marianofrau.com.ar\/es\/wp-content\/uploads\/2025\/08\/Ssembradoras-1024x414.jpg 1024w, http:\/\/marianofrau.com.ar\/es\/wp-content\/uploads\/2025\/08\/Ssembradoras-300x121.jpg 300w, http:\/\/marianofrau.com.ar\/es\/wp-content\/uploads\/2025\/08\/Ssembradoras-768x311.jpg 768w, http:\/\/marianofrau.com.ar\/es\/wp-content\/uploads\/2025\/08\/Ssembradoras.jpg 1051w\" sizes=\"auto, (max-width: 1024px) 100vw, 1024px\" \/><\/a><\/figure>\n\n\n\n<hr class=\"wp-block-separator has-alpha-channel-opacity\"\/>\n<\/div>\n<\/div>\n\n\n\n<div class=\"wp-block-columns is-layout-flex wp-container-core-columns-is-layout-28f84493 wp-block-columns-is-layout-flex\">\n<div class=\"wp-block-column is-layout-flow wp-block-column-is-layout-flow\"><\/div>\n\n\n\n<div class=\"wp-block-column is-layout-flow wp-block-column-is-layout-flow\"><\/div>\n\n\n\n<div class=\"wp-block-column is-layout-flow wp-block-column-is-layout-flow\"><\/div>\n<\/div>\n\n\n\n<div class=\"wp-block-columns alignwide is-layout-flex wp-container-core-columns-is-layout-d1c656ed wp-block-columns-is-layout-flex\">\n<div class=\"wp-block-column is-vertically-aligned-center is-layout-flow wp-block-column-is-layout-flow\" style=\"flex-basis:40%\">\n<div class=\"wp-block-columns is-layout-flex wp-container-core-columns-is-layout-28f84493 wp-block-columns-is-layout-flex\">\n<div class=\"wp-block-column is-layout-flow wp-block-column-is-layout-flow\"><\/div>\n\n\n\n<div class=\"wp-block-column is-layout-flow wp-block-column-is-layout-flow\"><\/div>\n<\/div>\n<\/div>\n\n\n\n<div class=\"wp-block-column is-layout-flow wp-block-column-is-layout-flow\" style=\"flex-basis:50%\">\n<div class=\"wp-block-group is-nowrap is-layout-flex wp-container-core-group-is-layout-6c531013 wp-block-group-is-layout-flex\">\n<div style=\"height:50px;width:0px\" aria-hidden=\"true\" class=\"wp-block-spacer wp-container-content-b30579f5\"><\/div>\n<\/div>\n<\/div>\n<\/div>\n\n\n\n<div style=\"height:var(--wp--preset--spacing--40)\" aria-hidden=\"true\" class=\"wp-block-spacer\"><\/div>\n\n\n\n<div class=\"wp-block-columns alignwide is-layout-flex wp-container-core-columns-is-layout-d1c656ed wp-block-columns-is-layout-flex\">\n<div class=\"wp-block-column is-layout-flow wp-block-column-is-layout-flow\" style=\"flex-basis:50%\"><\/div>\n<\/div>\n<\/div>\n<\/div>\n\n\n\n<div class=\"wp-block-group alignfull has-global-padding is-layout-constrained wp-container-core-group-is-layout-d89aad35 wp-block-group-is-layout-constrained\" style=\"margin-top:0;margin-bottom:0;padding-top:var(--wp--preset--spacing--50);padding-right:var(--wp--preset--spacing--50);padding-bottom:var(--wp--preset--spacing--50);padding-left:var(--wp--preset--spacing--50)\">\n<h2 class=\"wp-block-heading alignwide has-x-large-font-size\" style=\"margin-top:0;margin-bottom:var(--wp--preset--spacing--40);line-height:1\">Mira, lee, escucha<\/h2>\n\n\n\n<div class=\"wp-block-group alignwide has-global-padding is-layout-constrained wp-block-group-is-layout-constrained\">\n<div class=\"wp-block-query alignwide is-layout-flow wp-block-query-is-layout-flow\">\n\n\n<div style=\"height:var(--wp--preset--spacing--30)\" aria-hidden=\"true\" class=\"wp-block-spacer\"><\/div>\n\n\n\n\n<div class=\"wp-block-query-no-results\">\n\n<p>No se han encontrado entradas.<\/p>\n\n<\/div><\/div>\n<\/div>\n<\/div>\n\n\n\n<div class=\"wp-block-group alignfull has-global-padding is-layout-constrained wp-container-core-group-is-layout-d89aad35 wp-block-group-is-layout-constrained\" style=\"margin-top:0;margin-bottom:0;padding-top:var(--wp--preset--spacing--50);padding-right:var(--wp--preset--spacing--50);padding-bottom:var(--wp--preset--spacing--50);padding-left:var(--wp--preset--spacing--50)\">\n<div class=\"wp-block-buttons is-content-justification-center is-layout-flex wp-container-core-buttons-is-layout-a89b3969 wp-block-buttons-is-layout-flex\">\n<div class=\"wp-block-button\"><a class=\"wp-block-button__link wp-element-button\" href=\"http:\/\/marianofrau.com.ar\/es\/\">Volver al inicio<\/a><\/div>\n<\/div>\n<\/div>\n","protected":false},"excerpt":{"rendered":"<p>*Nuestro compromiso con la eficiencia Asesoramiento especializado, productos de calidad reconocida, precio competitivo, celeridad en la entrega, garant\u00eda, servicio post venta. Buscamos la eficiencia en cada punto sensible de la provisi\u00f3n de repuestos agr\u00edcolas. Repuestos agr\u00edcolas Toda la gama de repuestos que el agricultor moderno necesita junto con los mejores servicios. Mira, lee, escucha<\/p>\n","protected":false},"author":2,"featured_media":0,"parent":0,"menu_order":0,"comment_status":"closed","ping_status":"closed","template":"","meta":{"footnotes":""},"class_list":["post-29","page","type-page","status-publish","hentry"],"_links":{"self":[{"href":"http:\/\/marianofrau.com.ar\/es\/wp-json\/wp\/v2\/pages\/29","targetHints":{"allow":["GET"]}}],"collection":[{"href":"http:\/\/marianofrau.com.ar\/es\/wp-json\/wp\/v2\/pages"}],"about":[{"href":"http:\/\/marianofrau.com.ar\/es\/wp-json\/wp\/v2\/types\/page"}],"author":[{"embeddable":true,"href":"http:\/\/marianofrau.com.ar\/es\/wp-json\/wp\/v2\/users\/2"}],"replies":[{"embeddable":true,"href":"http:\/\/marianofrau.com.ar\/es\/wp-json\/wp\/v2\/comments?post=29"}],"version-history":[{"count":4,"href":"http:\/\/marianofrau.com.ar\/es\/wp-json\/wp\/v2\/pages\/29\/revisions"}],"predecessor-version":[{"id":63,"href":"http:\/\/marianofrau.com.ar\/es\/wp-json\/wp\/v2\/pages\/29\/revisions\/63"}],"wp:attachment":[{"href":"http:\/\/marianofrau.com.ar\/es\/wp-json\/wp\/v2\/media?parent=29"}],"curies":[{"name":"wp","href":"https:\/\/api.w.org\/{rel}","templated":true}]}}